{"id":407,"date":"2024-08-02T08:00:00","date_gmt":"2024-08-02T11:00:00","guid":{"rendered":"http:\/\/www.mvpthemes.com\/zoxnews\/?page_id=5"},"modified":"2024-08-01T12:36:26","modified_gmt":"2024-08-01T15:36:26","slug":"home","status":"publish","type":"page","link":"https:\/\/redbahia.com.br\/","title":{"rendered":"Como n\u00e3o ser manipulado na pol\u00edtica &#8211; Aula 2"},"content":{"rendered":"\n<p class=\"has-medium-font-size\"><\/p>\n\n\n\n<figure class=\"wp-block-audio\"><audio controls src=\"https:\/\/sisalhoje.com.br\/wp-content\/uploads\/2024\/08\/ttsmaker-file-2024-8-1-12-33-46.mp3\"><\/audio><\/figure>\n\n\n\n<p class=\"has-medium-font-size\">Por Eduardo Frederico<\/p>\n\n\n\n<p class=\"has-medium-font-size\">Hoje iniciarei com uma an\u00e1lise de caso.<\/p>\n\n\n\n<p class=\"has-medium-font-size\">\u00c9 comum na internet grupos que defendem ideologias de g\u00eanero ao mesmo tempo em que entusiasticamente defendem as ditaduras isl\u00e2micas como a do Hamas, nas quais a pr\u00e1tica&nbsp; homoafetiva \u00e9 crime punido com a morte. Estas mesmas pessoas s\u00e3o contra Israel onde o casamento gay \u00e9 permitido e direitos assegurados.<\/p>\n\n\n\n<p class=\"has-medium-font-size\">Por que isso?<\/p>\n\n\n\n<p class=\"has-text-align-center has-medium-font-size\"><strong>O conforto da ignor\u00e2ncia<\/strong><\/p>\n\n\n\n<p class=\"has-medium-font-size\">Eu me vejo cercado de pessoas que n\u00e3o querem conhecer cois\u00edssima alguma, que est\u00e3o perfeitamente satisfeitas com suas ideias limitadas sobre todos os assuntos, e que arrogantemente acham uma ofensa um Eduardo Frederico da vida question\u00e1-las.<\/p>\n\n\n\n<p class=\"has-medium-font-size\">Vejo isso em todas as classes sociais no sisal, e at\u00e9 mais pronunciadas nas m\u00e9dias e pr\u00f3speras.&nbsp;<\/p>\n\n\n\n<p class=\"has-medium-font-size\">Qualquer ignorante que houvesse recebido em heran\u00e7a do pai um com\u00e9rcio, uma empresa ou uma ro\u00e7a, julga-se por isso um g\u00eanio, nascido pronto e habilitado instantaneamente a discutir as quest\u00f5es humanas e divinas sem a menor necessidade de estudo. Isso \u00e9 uma ilus\u00e3o que prejudica o todo com o que eu chamo de achismo.<\/p>\n\n\n\n<p class=\"has-text-align-center has-medium-font-size\"><strong>Mudar e melhorar<\/strong><\/p>\n\n\n\n<p class=\"has-medium-font-size\">Uma vez, num debate, me perguntaram o que eu acreditava ser a honestidade. Eu respondi que seria n\u00e3o fingir que sabe aquilo que n\u00e3o sabe, nem que n\u00e3o sabe aquilo que sabe perfeitamente bem.&nbsp;<\/p>\n\n\n\n<p class=\"has-medium-font-size\">Amanh\u00e3 tem aula 3. N\u00e3o perca.<\/p>\n","protected":false},"excerpt":{"rendered":"<p>Por Eduardo Frederico Hoje iniciarei com uma an\u00e1lise de caso. \u00c9 comum na internet grupos que defendem ideologias de g\u00eanero ao mesmo tempo em que entusiasticamente defendem as ditaduras isl\u00e2micas como a do Hamas, nas quais a pr\u00e1tica&nbsp; homoafetiva \u00e9 crime punido com a morte. Estas mesmas pessoas s\u00e3o contra Israel onde o casamento gay [&hellip;]<\/p>\n","protected":false},"author":1,"featured_media":3744,"parent":0,"menu_order":0,"comment_status":"closed","ping_status":"closed","template":"page-home.php","meta":{"advanced_seo_description":"","jetpack_seo_html_title":"","jetpack_seo_noindex":false,"footnotes":""},"class_list":["post-407","page","type-page","status-publish","has-post-thumbnail","hentry"],"jetpack-related-posts":[],"jetpack_sharing_enabled":true,"jetpack_likes_enabled":true,"jetpack_shortlink":"https:\/\/wp.me\/PfiK3n-6z","_links":{"self":[{"href":"https:\/\/redbahia.com.br\/wp-json\/wp\/v2\/pages\/407","targetHints":{"allow":["GET"]}}],"collection":[{"href":"https:\/\/redbahia.com.br\/wp-json\/wp\/v2\/pages"}],"about":[{"href":"https:\/\/redbahia.com.br\/wp-json\/wp\/v2\/types\/page"}],"author":[{"embeddable":true,"href":"https:\/\/redbahia.com.br\/wp-json\/wp\/v2\/users\/1"}],"replies":[{"embeddable":true,"href":"https:\/\/redbahia.com.br\/wp-json\/wp\/v2\/comments?post=407"}],"version-history":[{"count":1,"href":"https:\/\/redbahia.com.br\/wp-json\/wp\/v2\/pages\/407\/revisions"}],"predecessor-version":[{"id":3745,"href":"https:\/\/redbahia.com.br\/wp-json\/wp\/v2\/pages\/407\/revisions\/3745"}],"wp:featuredmedia":[{"embeddable":true,"href":"https:\/\/redbahia.com.br\/wp-json\/wp\/v2\/media\/3744"}],"wp:attachment":[{"href":"https:\/\/redbahia.com.br\/wp-json\/wp\/v2\/media?parent=407"}],"curies":[{"name":"wp","href":"https:\/\/api.w.org\/{rel}","templated":true}]}}